{"id":10,"date":"2021-10-13T21:57:00","date_gmt":"2021-10-13T19:57:00","guid":{"rendered":"http:\/\/faksa.fr\/?page_id=10"},"modified":"2021-10-22T19:35:13","modified_gmt":"2021-10-22T17:35:13","slug":"contact","status":"publish","type":"page","link":"https:\/\/faksa.fr\/index.php\/accueil-2\/contact\/","title":{"rendered":"Contact"},"content":{"rendered":"\n<p>T\u00e9l\u00e9phone : 06 72 89 23 81<\/p>\n\n\n\n<p class=\"has-normal-font-size\">Il \u00a0est possible d\u2019<strong>essayer gratuitement le Karat\u00e9<\/strong>, <strong>\u00e0 tout moment de l&#8217;ann\u00e9e<\/strong>. Nous avons su au sein de nos clubs faire coexister un esprit familial et bon enfant tout en respectant la plus pure tradition des anciens qui ont cr\u00e9\u00e9 cet art ancestral. En s\u2019adaptant \u00e0 tous, cet art martial permet, \u00e0 qui le pratique r\u00e9guli\u00e8rement, de fortifier son corps, d&#8217;enrichir la connaissance de soi et ainsi de \u00a0mieux faire face aux \u00e9preuves de la vie.<\/p>\n","protected":false},"excerpt":{"rendered":"<p>T\u00e9l\u00e9phone : 06 72 89 23 81 Il \u00a0est possible d\u2019essayer gratuitement le Karat\u00e9, \u00e0 tout moment de l&#8217;ann\u00e9e. Nous avons su au sein de nos clubs faire coexister un esprit familial et bon enfant tout en respectant la plus pure tradition des anciens qui ont cr\u00e9\u00e9 cet art ancestral. En s\u2019adaptant \u00e0 tous, cet &hellip; <\/p>\n<p class=\"link-more\"><a href=\"https:\/\/faksa.fr\/index.php\/accueil-2\/contact\/\" class=\"more-link\">Continue reading<span class=\"screen-reader-text\"> &#8220;Contact&#8221;<\/span><\/a><\/p>\n","protected":false},"author":1,"featured_media":76,"parent":112,"menu_order":0,"comment_status":"closed","ping_status":"closed","template":"","meta":[],"_links":{"self":[{"href":"https:\/\/faksa.fr\/index.php\/wp-json\/wp\/v2\/pages\/10"}],"collection":[{"href":"https:\/\/faksa.fr\/index.php\/wp-json\/wp\/v2\/pages"}],"about":[{"href":"https:\/\/faksa.fr\/index.php\/wp-json\/wp\/v2\/types\/page"}],"author":[{"embeddable":true,"href":"https:\/\/faksa.fr\/index.php\/wp-json\/wp\/v2\/users\/1"}],"replies":[{"embeddable":true,"href":"https:\/\/faksa.fr\/index.php\/wp-json\/wp\/v2\/comments?post=10"}],"version-history":[{"count":10,"href":"https:\/\/faksa.fr\/index.php\/wp-json\/wp\/v2\/pages\/10\/revisions"}],"predecessor-version":[{"id":142,"href":"https:\/\/faksa.fr\/index.php\/wp-json\/wp\/v2\/pages\/10\/revisions\/142"}],"up":[{"embeddable":true,"href":"https:\/\/faksa.fr\/index.php\/wp-json\/wp\/v2\/pages\/112"}],"wp:featuredmedia":[{"embeddable":true,"href":"https:\/\/faksa.fr\/index.php\/wp-json\/wp\/v2\/media\/76"}],"wp:attachment":[{"href":"https:\/\/faksa.fr\/index.php\/wp-json\/wp\/v2\/media?parent=10"}],"curies":[{"name":"wp","href":"https:\/\/api.w.org\/{rel}","templated":true}]}}