{"id":9,"date":"2021-10-13T21:57:00","date_gmt":"2021-10-13T19:57:00","guid":{"rendered":"http:\/\/faksa.fr\/?page_id=9"},"modified":"2021-10-22T19:31:21","modified_gmt":"2021-10-22T17:31:21","slug":"a-propos-de","status":"publish","type":"page","link":"https:\/\/faksa.fr\/index.php\/a-propos-de\/","title":{"rendered":"Notre vision du karate do"},"content":{"rendered":"\n<p class=\"has-normal-font-size\">Pour pr\u00e9server le savoir et l\u2019esprit que lui a transmis son ma\u00eetre et ne pas trahir sa m\u00e9moire, Sensei Alain VERBEECK forme continuellement ses instructeurs lors de stages techniques de haut niveau qu\u2019il organise au sein de son \u00e9cole ainsi que dans d&#8217;autres structures nationales et internationales.<\/p>\n\n\n\n<figure class=\"wp-block-gallery columns-2 is-cropped\"><ul class=\"blocks-gallery-grid\"><li class=\"blocks-gallery-item\"><figure><img loading=\"lazy\" width=\"515\" height=\"397\" src=\"http:\/\/faksa.fr\/wp-content\/uploads\/2021\/10\/dA01Y9QQ-1.jpeg\" alt=\"\" data-id=\"63\" data-link=\"http:\/\/faksa.fr\/index.php\/a-propos-de\/da01y9qq-1\/\" class=\"wp-image-63\" srcset=\"https:\/\/faksa.fr\/wp-content\/uploads\/2021\/10\/dA01Y9QQ-1.jpeg 515w, https:\/\/faksa.fr\/wp-content\/uploads\/2021\/10\/dA01Y9QQ-1-300x231.jpeg 300w\" sizes=\"(max-width: 515px) 100vw, 515px\" \/><\/figure><\/li><li class=\"blocks-gallery-item\"><figure><img loading=\"lazy\" width=\"616\" height=\"449\" src=\"http:\/\/faksa.fr\/wp-content\/uploads\/2021\/10\/uEA0gKgg.jpeg\" alt=\"\" data-id=\"64\" data-full-url=\"http:\/\/faksa.fr\/wp-content\/uploads\/2021\/10\/uEA0gKgg.jpeg\" data-link=\"http:\/\/faksa.fr\/index.php\/a-propos-de\/uea0gkgg\/\" class=\"wp-image-64\" srcset=\"https:\/\/faksa.fr\/wp-content\/uploads\/2021\/10\/uEA0gKgg.jpeg 616w, https:\/\/faksa.fr\/wp-content\/uploads\/2021\/10\/uEA0gKgg-300x219.jpeg 300w\" sizes=\"(max-width: 616px) 100vw, 616px\" \/><\/figure><\/li><\/ul><\/figure>\n\n\n\n<p class=\"has-normal-font-size\">Nous sommes une grande famille et il est important pour nous que chacun se sente bien dans son club. La convivialit\u00e9, la bonne humeur sont toujours au rendez-vous. Le sportif ne doit pas \u00eatre le seul \u00e0 prendre plaisir. Les autres membres de la famille, les amis sont mis \u00e0 l\u2019honneur lors de sortie ou de repas. Il est possible d\u2019essayer gratuitement le Karat\u00e9, \u00e0 tout moment de l&#8217;ann\u00e9e, lors de &#8220;cours d\u00e9couverte&#8221;. Il n\u2019est pas rare qu&#8217;un \u00e9l\u00e8ve introduise un de ses amis convaincu par la richesse de cette discipline. Nous avons su au sein de nos clubs faire coexister un esprit familial et bon enfant tout en respectant la plus pure tradition des anciens qui ont cr\u00e9\u00e9 cet art ancestral. En s\u2019adaptant \u00e0 tous, cet Art permet, \u00e0 qui le pratique r\u00e9guli\u00e8rement, de fortifier son corps, d&#8217;enrichir la connaissance de soi et ainsi de mieux faire face aux \u00e9preuves de la vie.<\/p>\n","protected":false},"excerpt":{"rendered":"<p>Pour pr\u00e9server le savoir et l\u2019esprit que lui a transmis son ma\u00eetre et ne pas trahir sa m\u00e9moire, Sensei Alain VERBEECK forme continuellement ses instructeurs lors de stages techniques de haut niveau qu\u2019il organise au sein de son \u00e9cole ainsi que dans d&#8217;autres structures nationales et internationales. Nous sommes une grande famille et il est &hellip; <\/p>\n<p class=\"link-more\"><a href=\"https:\/\/faksa.fr\/index.php\/a-propos-de\/\" class=\"more-link\">Continue reading<span class=\"screen-reader-text\"> &#8220;Notre vision du karate do&#8221;<\/span><\/a><\/p>\n","protected":false},"author":1,"featured_media":0,"parent":0,"menu_order":0,"comment_status":"closed","ping_status":"closed","template":"","meta":[],"_links":{"self":[{"href":"https:\/\/faksa.fr\/index.php\/wp-json\/wp\/v2\/pages\/9"}],"collection":[{"href":"https:\/\/faksa.fr\/index.php\/wp-json\/wp\/v2\/pages"}],"about":[{"href":"https:\/\/faksa.fr\/index.php\/wp-json\/wp\/v2\/types\/page"}],"author":[{"embeddable":true,"href":"https:\/\/faksa.fr\/index.php\/wp-json\/wp\/v2\/users\/1"}],"replies":[{"embeddable":true,"href":"https:\/\/faksa.fr\/index.php\/wp-json\/wp\/v2\/comments?post=9"}],"version-history":[{"count":5,"href":"https:\/\/faksa.fr\/index.php\/wp-json\/wp\/v2\/pages\/9\/revisions"}],"predecessor-version":[{"id":139,"href":"https:\/\/faksa.fr\/index.php\/wp-json\/wp\/v2\/pages\/9\/revisions\/139"}],"wp:attachment":[{"href":"https:\/\/faksa.fr\/index.php\/wp-json\/wp\/v2\/media?parent=9"}],"curies":[{"name":"wp","href":"https:\/\/api.w.org\/{rel}","templated":true}]}}